{"id":75,"date":"2019-06-30T16:20:41","date_gmt":"2019-06-30T16:20:41","guid":{"rendered":"http:\/\/kuschelmit.de\/?page_id=75"},"modified":"2019-07-23T11:31:49","modified_gmt":"2019-07-23T11:31:49","slug":"wie-laeuft-beruehrungszeit-ab","status":"publish","type":"page","link":"http:\/\/kuschelmit.de\/?page_id=75","title":{"rendered":"Ablauf"},"content":{"rendered":"\n<p>Anfangsrunde: Infos und Vorstellungsrunde<\/p>\n<p>Aufw\u00e4rmen: Uns selber und miteinander durch Bewegung und Tanz<\/p>\n<p>Nein-Ja: Nicht immer leicht, den Erwartungen der anderen eine Absage zu erteilen<\/p>\n<p>Ber\u00fchrungs\u00fcbungen<\/p>\n<p>Pause mit Snacks und Getr\u00e4nken wie Wasser und Tee<\/p>\n<p>Ber\u00fchrungs-\/Kuschelzeit<\/p>\n<p>Abschlussrunde: Wie ist es Dir ergangen<\/p>\n","protected":false},"excerpt":{"rendered":"<p>Anfangsrunde: Infos und Vorstellungsrunde Aufw\u00e4rmen: Uns selber und miteinander durch Bewegung und Tanz Nein-Ja: Nicht immer leicht, den Erwartungen der anderen eine Absage zu erteilen Ber\u00fchrungs\u00fcbungen Pause mit Snacks und Getr\u00e4nken wie Wasser und Tee Ber\u00fchrungs-\/Kuschelzeit Abschlussrunde: Wie ist es Dir ergangen<\/p>\n","protected":false},"author":1,"featured_media":0,"parent":0,"menu_order":0,"comment_status":"closed","ping_status":"closed","template":"","meta":{"footnotes":""},"_links":{"self":[{"href":"http:\/\/kuschelmit.de\/index.php?rest_route=\/wp\/v2\/pages\/75"}],"collection":[{"href":"http:\/\/kuschelmit.de\/index.php?rest_route=\/wp\/v2\/pages"}],"about":[{"href":"http:\/\/kuschelmit.de\/index.php?rest_route=\/wp\/v2\/types\/page"}],"author":[{"embeddable":true,"href":"http:\/\/kuschelmit.de\/index.php?rest_route=\/wp\/v2\/users\/1"}],"replies":[{"embeddable":true,"href":"http:\/\/kuschelmit.de\/index.php?rest_route=%2Fwp%2Fv2%2Fcomments&post=75"}],"version-history":[{"count":5,"href":"http:\/\/kuschelmit.de\/index.php?rest_route=\/wp\/v2\/pages\/75\/revisions"}],"predecessor-version":[{"id":235,"href":"http:\/\/kuschelmit.de\/index.php?rest_route=\/wp\/v2\/pages\/75\/revisions\/235"}],"wp:attachment":[{"href":"http:\/\/kuschelmit.de\/index.php?rest_route=%2Fwp%2Fv2%2Fmedia&parent=75"}],"curies":[{"name":"wp","href":"https:\/\/api.w.org\/{rel}","templated":true}]}}