{"id":57,"date":"2019-06-30T14:38:55","date_gmt":"2019-06-30T14:38:55","guid":{"rendered":"http:\/\/kuschelmit.de\/?page_id=57"},"modified":"2019-07-07T12:09:46","modified_gmt":"2019-07-07T12:09:46","slug":"beruehren-ist-gesund-glueckshormone","status":"publish","type":"page","link":"http:\/\/kuschelmit.de\/?page_id=57","title":{"rendered":"Ber\u00fchren ist gesund und macht gl\u00fccklich"},"content":{"rendered":"\n<p>Laut der Familientherapeutin Virginia Satir braucht der Mensch am Tag vier Umarmungen um zu \u00fcberleben, mit acht Umarmungen am Tag bleibt man stabil und es geht einem gut. Bei zw\u00f6lf Umarmungen kannst Du Dich gut weiter entwickeln.<\/p>\n<p>\u201eBer\u00fchrung hat den Rang eines <strong>LEBENSMITTELS<\/strong>.\u201c<br \/>&#8211; Dr. Martin Grunwald &#8211;<\/p>\n<p>\u201eJedwede Kreatur hat einen Urtrieb nach liebender Umarmung.\u201c<br \/>&#8211; Hildegard von Bingen &#8211;<\/p>\n<p>Das Bed\u00fcrfnis nach Ber\u00fchrung tr\u00e4gt ein jeder Mensch in sich. In der Kindheit wurde es unterschiedlich ges\u00e4ttigt, doch auch als Erwachsene sehnt sich unsere Haut, unser K\u00f6rper, unsere Seele nach Ber\u00fchrtsein. Ber\u00fchrung ist Nahrung, was inzwischen auch wissenschaftlich nachgewiesen ist. Mit Umarmen, Streicheln und Ber\u00fchren wird Oxytocin und Dopamin freigesetzt \u2013 Gl\u00fccksgef\u00fchl, Gl\u00fcckshormon.<\/p>\n<p>Manchmal wollen wir nur mal in den Arm genommen werden, m\u00f6chten uns ankuscheln oder jemanden knuddeln oder kraulen. Wenn wir Katzen beobachten, k\u00f6nnen wir lernen, wie einfach es ist, sich seine Kuscheleinheiten zu holen.<\/p>\n<p>Erf\u00fclle Dir Dein Bed\u00fcrfnis nach Ber\u00fchrung, nach Kuscheln, nach Streicheln, nach Grenzen setzen, nach klarem Wahrnehmen, wie viel und in welcher Art es Dir gut tut!<\/p>\n","protected":false},"excerpt":{"rendered":"<p>Laut der Familientherapeutin Virginia Satir braucht der Mensch am Tag vier Umarmungen um zu \u00fcberleben, mit acht Umarmungen am Tag bleibt man stabil und es geht einem gut. Bei zw\u00f6lf Umarmungen kannst Du Dich gut weiter entwickeln. \u201eBer\u00fchrung hat den Rang eines LEBENSMITTELS.\u201c&#8211; Dr. Martin Grunwald &#8211; \u201eJedwede Kreatur hat einen Urtrieb nach liebender Umarmung.\u201c&#8211; &hellip; <\/p>\n<p class=\"link-more\"><a href=\"http:\/\/kuschelmit.de\/?page_id=57\" class=\"more-link\"><span class=\"screen-reader-text\">\u201eBer\u00fchren ist gesund und macht gl\u00fccklich\u201c<\/span> weiterlesen<\/a><\/p>\n","protected":false},"author":1,"featured_media":0,"parent":0,"menu_order":0,"comment_status":"closed","ping_status":"closed","template":"","meta":{"footnotes":""},"_links":{"self":[{"href":"http:\/\/kuschelmit.de\/index.php?rest_route=\/wp\/v2\/pages\/57"}],"collection":[{"href":"http:\/\/kuschelmit.de\/index.php?rest_route=\/wp\/v2\/pages"}],"about":[{"href":"http:\/\/kuschelmit.de\/index.php?rest_route=\/wp\/v2\/types\/page"}],"author":[{"embeddable":true,"href":"http:\/\/kuschelmit.de\/index.php?rest_route=\/wp\/v2\/users\/1"}],"replies":[{"embeddable":true,"href":"http:\/\/kuschelmit.de\/index.php?rest_route=%2Fwp%2Fv2%2Fcomments&post=57"}],"version-history":[{"count":10,"href":"http:\/\/kuschelmit.de\/index.php?rest_route=\/wp\/v2\/pages\/57\/revisions"}],"predecessor-version":[{"id":184,"href":"http:\/\/kuschelmit.de\/index.php?rest_route=\/wp\/v2\/pages\/57\/revisions\/184"}],"wp:attachment":[{"href":"http:\/\/kuschelmit.de\/index.php?rest_route=%2Fwp%2Fv2%2Fmedia&parent=57"}],"curies":[{"name":"wp","href":"https:\/\/api.w.org\/{rel}","templated":true}]}}