{"id":40,"date":"2019-07-23T13:59:51","date_gmt":"2019-07-23T13:59:51","guid":{"rendered":"http:\/\/kuschelmit.de\/?page_id=40"},"modified":"2019-10-22T20:02:25","modified_gmt":"2019-10-22T20:02:25","slug":"ueber-rolf","status":"publish","type":"page","link":"http:\/\/kuschelmit.de\/?page_id=40","title":{"rendered":"Rolf"},"content":{"rendered":"\n<p>Ich bin Rolf und wie ich durch Systemcoach-und NLP-Ausbildung mittlerweile rausgefunden habe, ohne Kuscheln gro\u00df geworden. Beim Coachen habe ich festgestellt, das ging nicht nur mir so. Und wenn ich Umarmungen nach einem Gespr\u00e4ch oder in einer Fu\u00dfg\u00e4ngerzone, zuletzt in Erfurt, anbiete, dann sp\u00fcre ich, wie viele Menschen sich in meinen Armen gut gehalten f\u00fchlen. Meine K\u00f6rpergr\u00f6\u00dfe von fast zwei Metern hilft da sicherlich.<\/p>\n\n\n\n<p>Nutze den gesch\u00fctzen Raum, den Renate und ich geben, um den wichtigen K\u00f6rperkontakt erleben und genie\u00dfen zu k\u00f6nnen. Erlebe achtsamen Umgang beim Kennenlernen.<\/p>\n\n\n\n<p>Im Fr\u00fchjahr 2019 habe ich die Ausbildung zum Kuscheltrainer bei Rosi D\u00f6bner in Berlin gemacht.<\/p>\n\n\n\n<p>La\u00df Dich halten! Du kannst Dich auch bei mir melden und wir kuscheln zu zweit oder ich halte Dich einfach. Dazu die Reaktion von Katja vom 7. Oktober 2019: &#8222;<em>Ich fand die Absichtslosigkeit, mit der Du gegeben hast, extrem  regenerierend und sehr sch\u00f6n!!<\/em>!&#8220;<\/p>\n\n\n","protected":false},"excerpt":{"rendered":"<p>Ich bin Rolf und wie ich durch Systemcoach-und NLP-Ausbildung mittlerweile rausgefunden habe, ohne Kuscheln gro\u00df geworden. Beim Coachen habe ich festgestellt, das ging nicht nur mir so. Und wenn ich Umarmungen nach einem Gespr\u00e4ch oder in einer Fu\u00dfg\u00e4ngerzone, zuletzt in Erfurt, anbiete, dann sp\u00fcre ich, wie viele Menschen sich in meinen Armen gut gehalten f\u00fchlen. &hellip; <\/p>\n<p class=\"link-more\"><a href=\"http:\/\/kuschelmit.de\/?page_id=40\" class=\"more-link\"><span class=\"screen-reader-text\">\u201eRolf\u201c<\/span> weiterlesen<\/a><\/p>\n","protected":false},"author":1,"featured_media":212,"parent":0,"menu_order":0,"comment_status":"closed","ping_status":"closed","template":"","meta":{"footnotes":""},"_links":{"self":[{"href":"http:\/\/kuschelmit.de\/index.php?rest_route=\/wp\/v2\/pages\/40"}],"collection":[{"href":"http:\/\/kuschelmit.de\/index.php?rest_route=\/wp\/v2\/pages"}],"about":[{"href":"http:\/\/kuschelmit.de\/index.php?rest_route=\/wp\/v2\/types\/page"}],"author":[{"embeddable":true,"href":"http:\/\/kuschelmit.de\/index.php?rest_route=\/wp\/v2\/users\/1"}],"replies":[{"embeddable":true,"href":"http:\/\/kuschelmit.de\/index.php?rest_route=%2Fwp%2Fv2%2Fcomments&post=40"}],"version-history":[{"count":19,"href":"http:\/\/kuschelmit.de\/index.php?rest_route=\/wp\/v2\/pages\/40\/revisions"}],"predecessor-version":[{"id":276,"href":"http:\/\/kuschelmit.de\/index.php?rest_route=\/wp\/v2\/pages\/40\/revisions\/276"}],"wp:featuredmedia":[{"embeddable":true,"href":"http:\/\/kuschelmit.de\/index.php?rest_route=\/wp\/v2\/media\/212"}],"wp:attachment":[{"href":"http:\/\/kuschelmit.de\/index.php?rest_route=%2Fwp%2Fv2%2Fmedia&parent=40"}],"curies":[{"name":"wp","href":"https:\/\/api.w.org\/{rel}","templated":true}]}}