{"id":30,"date":"2019-06-30T13:28:05","date_gmt":"2019-06-30T13:28:05","guid":{"rendered":"http:\/\/kuschelmit.de\/?page_id=30"},"modified":"2019-11-28T09:35:52","modified_gmt":"2019-11-28T09:35:52","slug":"achtsamer-umgang-mit-dir-und-den-anderen","status":"publish","type":"page","link":"http:\/\/kuschelmit.de\/?page_id=30","title":{"rendered":"Achtsamer Umgang"},"content":{"rendered":"\n<p>An diese Regeln halten wir uns alle auf jeden Fall:<\/p>\n<p>Sei achtsam mit Dir und den anderen!<\/p>\n<p>Bitte um Erlaubnis, wenn Du jemanden ber\u00fchren willst!<\/p>\n<p>Wenn Du<strong> JA<\/strong> sp\u00fcrst, sage <strong>JA<\/strong>. Wenn Du <strong>NEIN<\/strong> sp\u00fcrst, sage <strong>NEIN<\/strong>. Wenn es sich wie <strong>VIELLEICHT<\/strong> anf\u00fchlt, dann sage <strong>NEIN<\/strong>!<\/p>\n<p>Ein NEIN zu Deinem Gegen\u00fcber ist ein JA zu Dir selbst!<\/p>\n<p>Du kannst Dich jederzeit anders entscheiden. H\u00f6re auf das Gef\u00fchl in Dir!<\/p>\n<p>Diese Zeit ist die M\u00f6glichkeit zu experimentieren. Verlasse Deine Komfortzone und probiere Neues aus!<\/p>\n<p>Wir sind bekleidet und gehen nicht unter die Kleidung oder verschieben sie! Der Bikinibereich ist f\u00fcr die H\u00e4nde tabu.<\/p>\n<p>W\u00e4hrend der gesamten Kuschelzeit gibt es keine K\u00fcsse, egal welcher Art!<\/p>\n<p>Jeder darf mit jedem kuscheln, vorausgesetzt Du bekommst ein Ja.<\/p>\n<p>Bitte komme frisch geduscht und ohne Duftnote (AfterShave\/Medizin\/Parfum). Bequeme Bekleidung ist angebracht, gern auch warme Str\u00fcmpfe, ein T-Shirt zum Wechseln.<\/p>\n<p>Es herrscht absolute Freiwilligkeit! Nichts muss! Du hast die Freiheit, jederzeit Pause zu machen oder auszusteigen. Es gibt eine Pausenecke, in die Du Dich jederzeit ohne Begr\u00fcndung zur\u00fcckziehen kannst!<\/p>\n<p>Teile mit, wie es Dir geht und was Du willst oder nicht willst!<\/p>\n<p>Bei Fragen, Unsicherheiten oder wenn Du Unterst\u00fctzung brauchst, kannst Dich sofort an Renate oder Rolf wenden!<\/p>\n<p>Die Teilnahme erfolgt auf eigenes Risiko und eigene Verantwortung.<\/p>\n","protected":false},"excerpt":{"rendered":"<p>An diese Regeln halten wir uns alle auf jeden Fall: Sei achtsam mit Dir und den anderen! Bitte um Erlaubnis, wenn Du jemanden ber\u00fchren willst! Wenn Du JA sp\u00fcrst, sage JA. Wenn Du NEIN sp\u00fcrst, sage NEIN. Wenn es sich wie VIELLEICHT anf\u00fchlt, dann sage NEIN! Ein NEIN zu Deinem Gegen\u00fcber ist ein JA zu &hellip; <\/p>\n<p class=\"link-more\"><a href=\"http:\/\/kuschelmit.de\/?page_id=30\" class=\"more-link\"><span class=\"screen-reader-text\">\u201eAchtsamer Umgang\u201c<\/span> weiterlesen<\/a><\/p>\n","protected":false},"author":1,"featured_media":0,"parent":0,"menu_order":0,"comment_status":"closed","ping_status":"closed","template":"","meta":{"footnotes":""},"_links":{"self":[{"href":"http:\/\/kuschelmit.de\/index.php?rest_route=\/wp\/v2\/pages\/30"}],"collection":[{"href":"http:\/\/kuschelmit.de\/index.php?rest_route=\/wp\/v2\/pages"}],"about":[{"href":"http:\/\/kuschelmit.de\/index.php?rest_route=\/wp\/v2\/types\/page"}],"author":[{"embeddable":true,"href":"http:\/\/kuschelmit.de\/index.php?rest_route=\/wp\/v2\/users\/1"}],"replies":[{"embeddable":true,"href":"http:\/\/kuschelmit.de\/index.php?rest_route=%2Fwp%2Fv2%2Fcomments&post=30"}],"version-history":[{"count":14,"href":"http:\/\/kuschelmit.de\/index.php?rest_route=\/wp\/v2\/pages\/30\/revisions"}],"predecessor-version":[{"id":286,"href":"http:\/\/kuschelmit.de\/index.php?rest_route=\/wp\/v2\/pages\/30\/revisions\/286"}],"wp:attachment":[{"href":"http:\/\/kuschelmit.de\/index.php?rest_route=%2Fwp%2Fv2%2Fmedia&parent=30"}],"curies":[{"name":"wp","href":"https:\/\/api.w.org\/{rel}","templated":true}]}}