{"id":29,"date":"2019-06-30T13:28:05","date_gmt":"2019-06-30T13:28:05","guid":{"rendered":"http:\/\/kuschelmit.de\/?page_id=29"},"modified":"2022-01-18T20:32:30","modified_gmt":"2022-01-18T20:32:30","slug":"termine-wann-ist-in-weimar-beruehrungszeit","status":"publish","type":"page","link":"http:\/\/kuschelmit.de\/?page_id=29","title":{"rendered":"Termine"},"content":{"rendered":"\n<p>Termine f\u00fcr Weimar:<\/p>\n\n\n\n<p>Am <strong>15. M\u00e4rz 2020<\/strong> war unsere letzte Ber\u00fchrungsZeit. Ab dem 16. M\u00e4rz gab es ein Veranstaltungsverbot der Stadt Weimar. <\/p>\n\n\n\n<p>Die aktuelle Situation hat vieles ver\u00e4ndert. Wann wir uns wieder wie gewohnt n\u00e4hern d\u00fcrfen, ist im Moment noch nicht absehbar. <\/p>\n\n\n\n<p>Weitere Angebote findest Du auf<a href=\"http:\/\/www.alle-kuschelpartys.de\/\"> alle-kuschelpartys.de<\/a><\/p>\n","protected":false},"excerpt":{"rendered":"<p>Termine f\u00fcr Weimar: Am 15. M\u00e4rz 2020 war unsere letzte Ber\u00fchrungsZeit. Ab dem 16. M\u00e4rz gab es ein Veranstaltungsverbot der Stadt Weimar. Die aktuelle Situation hat vieles ver\u00e4ndert. Wann wir uns wieder wie gewohnt n\u00e4hern d\u00fcrfen, ist im Moment noch nicht absehbar. Weitere Angebote findest Du auf alle-kuschelpartys.de<\/p>\n","protected":false},"author":1,"featured_media":0,"parent":0,"menu_order":0,"comment_status":"closed","ping_status":"closed","template":"","meta":{"footnotes":""},"_links":{"self":[{"href":"http:\/\/kuschelmit.de\/index.php?rest_route=\/wp\/v2\/pages\/29"}],"collection":[{"href":"http:\/\/kuschelmit.de\/index.php?rest_route=\/wp\/v2\/pages"}],"about":[{"href":"http:\/\/kuschelmit.de\/index.php?rest_route=\/wp\/v2\/types\/page"}],"author":[{"embeddable":true,"href":"http:\/\/kuschelmit.de\/index.php?rest_route=\/wp\/v2\/users\/1"}],"replies":[{"embeddable":true,"href":"http:\/\/kuschelmit.de\/index.php?rest_route=%2Fwp%2Fv2%2Fcomments&post=29"}],"version-history":[{"count":31,"href":"http:\/\/kuschelmit.de\/index.php?rest_route=\/wp\/v2\/pages\/29\/revisions"}],"predecessor-version":[{"id":335,"href":"http:\/\/kuschelmit.de\/index.php?rest_route=\/wp\/v2\/pages\/29\/revisions\/335"}],"wp:attachment":[{"href":"http:\/\/kuschelmit.de\/index.php?rest_route=%2Fwp%2Fv2%2Fmedia&parent=29"}],"curies":[{"name":"wp","href":"https:\/\/api.w.org\/{rel}","templated":true}]}}