{"id":162,"date":"2019-07-04T06:33:15","date_gmt":"2019-07-04T06:33:15","guid":{"rendered":"http:\/\/kuschelmit.de\/?page_id=162"},"modified":"2019-07-09T08:49:05","modified_gmt":"2019-07-09T08:49:05","slug":"e","status":"publish","type":"page","link":"http:\/\/kuschelmit.de\/?page_id=162","title":{"rendered":"\u20ac &#8211; Kosten"},"content":{"rendered":"\n<p>Der Teilnahmebeitrag betr\u00e4gt 20 Euro. Auf Anfrage gibt es auch eine Erm\u00e4\u00dfigung von f\u00fcnf Euro.<\/p>\n<p>Wenn Du das erste mal da bist und bis zur Pause feststellst, dass es f\u00fcr Dich nicht passt, dann erstatten wir Dir den Betrag.<\/p>\n","protected":false},"excerpt":{"rendered":"<p>Der Teilnahmebeitrag betr\u00e4gt 20 Euro. Auf Anfrage gibt es auch eine Erm\u00e4\u00dfigung von f\u00fcnf Euro. Wenn Du das erste mal da bist und bis zur Pause feststellst, dass es f\u00fcr Dich nicht passt, dann erstatten wir Dir den Betrag.<\/p>\n","protected":false},"author":1,"featured_media":153,"parent":0,"menu_order":0,"comment_status":"closed","ping_status":"closed","template":"","meta":{"footnotes":""},"_links":{"self":[{"href":"http:\/\/kuschelmit.de\/index.php?rest_route=\/wp\/v2\/pages\/162"}],"collection":[{"href":"http:\/\/kuschelmit.de\/index.php?rest_route=\/wp\/v2\/pages"}],"about":[{"href":"http:\/\/kuschelmit.de\/index.php?rest_route=\/wp\/v2\/types\/page"}],"author":[{"embeddable":true,"href":"http:\/\/kuschelmit.de\/index.php?rest_route=\/wp\/v2\/users\/1"}],"replies":[{"embeddable":true,"href":"http:\/\/kuschelmit.de\/index.php?rest_route=%2Fwp%2Fv2%2Fcomments&post=162"}],"version-history":[{"count":5,"href":"http:\/\/kuschelmit.de\/index.php?rest_route=\/wp\/v2\/pages\/162\/revisions"}],"predecessor-version":[{"id":190,"href":"http:\/\/kuschelmit.de\/index.php?rest_route=\/wp\/v2\/pages\/162\/revisions\/190"}],"wp:featuredmedia":[{"embeddable":true,"href":"http:\/\/kuschelmit.de\/index.php?rest_route=\/wp\/v2\/media\/153"}],"wp:attachment":[{"href":"http:\/\/kuschelmit.de\/index.php?rest_route=%2Fwp%2Fv2%2Fmedia&parent=162"}],"curies":[{"name":"wp","href":"https:\/\/api.w.org\/{rel}","templated":true}]}}