{"id":159,"date":"2019-07-04T06:28:41","date_gmt":"2019-07-04T06:28:41","guid":{"rendered":"http:\/\/kuschelmit.de\/?page_id=159"},"modified":"2022-02-02T15:00:26","modified_gmt":"2022-02-02T15:00:26","slug":"wo","status":"publish","type":"page","link":"http:\/\/kuschelmit.de\/?page_id=159","title":{"rendered":"Wo"},"content":{"rendered":"\n<p>Im <strong>QiGong Zentrum Weimar, <\/strong>Schwanseestr. 88a (fr\u00fcher war im Erdgescho\u00df die Boulderhalle BLOCK\u2019N ROLL)<\/p>\n<p><strong>Wegebeschreibung<\/strong><\/p>\n<p>Vom Bahnhof:<\/p>\n<p>Buslinie 7 \u2013 Richtung Weimar-West \u2013 Haltestelle &#8222;Schwanseestra\u00dfe&#8220;<\/p>\n<p>&#8211;\u00a0 Schwanseestra\u00dfe in Fahrtrichtung geradeaus weiterlaufen bis Bahnschiene die Stra\u00dfe quert, danach die n\u00e4chste Einfahrt rechts abbiegen, etwa 10 m geradeaus (kleine, unbefestigte Stra\u00dfe)\u00a0 rechts in den Hof der Boulderhalle abbiegen, Seitentreppe hoch: Du bist am Ziel angekommen!<\/p>\n<p>Mit PKW:<\/p>\n<p>Aus Richtung <strong>Gotha, Erfurt<\/strong> kommend:<\/p>\n<p>Abfahrt Weimar-Nohra, B7\/ 85 Richtung Weimar; <strong>nicht<\/strong> rechts Weimar-Innenstadt abbiegen, <strong>sondern <\/strong>weiter B7\/85 Richtung Weimar-West, 1. Abfahrt rechts und nochmal 1. Abfahrt rechts in Schwanseestra\u00dfe, geradeaus bis wieder 1. Abfahrt rechts: PARKPL\u00c4TZE <strong>(Georg-Haar-Str.)<\/strong> \u2013 dann weiter zu Fu\u00df in Fahrtrichtung ca. 20 m (\u00fcber Schiene) \u2013 1. Einfahrt links ab, nach 10 m rechts in Hof der Boulderhalle abbiegen, Seitentreppe hoch: Du bist am Ziel angekommen!<\/p>\n<p>Aus Richtung <strong>Jena <\/strong>kommend:<\/p>\n<p><span class=\"tadv-color\">B7 \u2013 Atrium-Kreuzung links ab in Friedensstra\u00dfe, um den Weimarplatz \u2013 weiter Asbachstr. \u2013 Bad Hersfelder Str. \u2013 rechts ab in Schwanseestra\u00dfe, immer geradeaus bis Bahnschiene die Stra\u00dfe quert, \u00fcber Bahnschiene, dann die 1. Abfahrt links = <strong>PARKPL\u00c4TZ E (Georg-Haar-Stra\u00dfe)<\/strong>; zu Fu\u00df zur\u00fcck, direkt vor Schiene Einfahrt links einbiegen, etwa 10 m geradeaus (kleine, unbefestigte Stra\u00dfe), rechts in den Hof der Boulderhalle abbiegen, Seitentreppe hoch: Du bist am Ziel angekommen! <\/span><\/p>\n<p><strong>Bitte plane gen\u00fcgend Zeit f\u00fcr Anfahrt &amp; Parken ein! Wir beginnen p\u00fcnktlich.<\/strong><\/p>\n","protected":false},"excerpt":{"rendered":"<p>Im QiGong Zentrum Weimar, Schwanseestr. 88a (fr\u00fcher war im Erdgescho\u00df die Boulderhalle BLOCK\u2019N ROLL) Wegebeschreibung Vom Bahnhof: Buslinie 7 \u2013 Richtung Weimar-West \u2013 Haltestelle &#8222;Schwanseestra\u00dfe&#8220; &#8211;\u00a0 Schwanseestra\u00dfe in Fahrtrichtung geradeaus weiterlaufen bis Bahnschiene die Stra\u00dfe quert, danach die n\u00e4chste Einfahrt rechts abbiegen, etwa 10 m geradeaus (kleine, unbefestigte Stra\u00dfe)\u00a0 rechts in den Hof der Boulderhalle &hellip; <\/p>\n<p class=\"link-more\"><a href=\"http:\/\/kuschelmit.de\/?page_id=159\" class=\"more-link\"><span class=\"screen-reader-text\">\u201eWo\u201c<\/span> weiterlesen<\/a><\/p>\n","protected":false},"author":1,"featured_media":303,"parent":0,"menu_order":0,"comment_status":"closed","ping_status":"closed","template":"","meta":{"footnotes":""},"_links":{"self":[{"href":"http:\/\/kuschelmit.de\/index.php?rest_route=\/wp\/v2\/pages\/159"}],"collection":[{"href":"http:\/\/kuschelmit.de\/index.php?rest_route=\/wp\/v2\/pages"}],"about":[{"href":"http:\/\/kuschelmit.de\/index.php?rest_route=\/wp\/v2\/types\/page"}],"author":[{"embeddable":true,"href":"http:\/\/kuschelmit.de\/index.php?rest_route=\/wp\/v2\/users\/1"}],"replies":[{"embeddable":true,"href":"http:\/\/kuschelmit.de\/index.php?rest_route=%2Fwp%2Fv2%2Fcomments&post=159"}],"version-history":[{"count":11,"href":"http:\/\/kuschelmit.de\/index.php?rest_route=\/wp\/v2\/pages\/159\/revisions"}],"predecessor-version":[{"id":349,"href":"http:\/\/kuschelmit.de\/index.php?rest_route=\/wp\/v2\/pages\/159\/revisions\/349"}],"wp:featuredmedia":[{"embeddable":true,"href":"http:\/\/kuschelmit.de\/index.php?rest_route=\/wp\/v2\/media\/303"}],"wp:attachment":[{"href":"http:\/\/kuschelmit.de\/index.php?rest_route=%2Fwp%2Fv2%2Fmedia&parent=159"}],"curies":[{"name":"wp","href":"https:\/\/api.w.org\/{rel}","templated":true}]}}