{"id":139,"date":"2019-07-01T14:25:24","date_gmt":"2019-07-01T14:25:24","guid":{"rendered":"http:\/\/kuschelmit.de\/?page_id=139"},"modified":"2019-07-01T14:28:41","modified_gmt":"2019-07-01T14:28:41","slug":"impressum","status":"publish","type":"page","link":"http:\/\/kuschelmit.de\/?page_id=139","title":{"rendered":"Impressum"},"content":{"rendered":"\n<p>Verantwortlich f\u00fcr den Inhalt dieser Seite ist Rolf Kruspe, Altm\u00fchlstra\u00dfe 22 in 65207 Wiesbaden<\/p>\n<p>Telefon: +49 171 6982236<\/p>\n","protected":false},"excerpt":{"rendered":"<p>Verantwortlich f\u00fcr den Inhalt dieser Seite ist Rolf Kruspe, Altm\u00fchlstra\u00dfe 22 in 65207 Wiesbaden Telefon: +49 171 6982236<\/p>\n","protected":false},"author":1,"featured_media":0,"parent":0,"menu_order":0,"comment_status":"closed","ping_status":"closed","template":"","meta":{"footnotes":""},"_links":{"self":[{"href":"http:\/\/kuschelmit.de\/index.php?rest_route=\/wp\/v2\/pages\/139"}],"collection":[{"href":"http:\/\/kuschelmit.de\/index.php?rest_route=\/wp\/v2\/pages"}],"about":[{"href":"http:\/\/kuschelmit.de\/index.php?rest_route=\/wp\/v2\/types\/page"}],"author":[{"embeddable":true,"href":"http:\/\/kuschelmit.de\/index.php?rest_route=\/wp\/v2\/users\/1"}],"replies":[{"embeddable":true,"href":"http:\/\/kuschelmit.de\/index.php?rest_route=%2Fwp%2Fv2%2Fcomments&post=139"}],"version-history":[{"count":2,"href":"http:\/\/kuschelmit.de\/index.php?rest_route=\/wp\/v2\/pages\/139\/revisions"}],"predecessor-version":[{"id":145,"href":"http:\/\/kuschelmit.de\/index.php?rest_route=\/wp\/v2\/pages\/139\/revisions\/145"}],"wp:attachment":[{"href":"http:\/\/kuschelmit.de\/index.php?rest_route=%2Fwp%2Fv2%2Fmedia&parent=139"}],"curies":[{"name":"wp","href":"https:\/\/api.w.org\/{rel}","templated":true}]}}