{"id":103,"date":"2019-07-01T04:41:45","date_gmt":"2019-07-01T04:41:45","guid":{"rendered":"http:\/\/kuschelmit.de\/?page_id=103"},"modified":"2023-10-22T01:16:53","modified_gmt":"2023-10-22T01:16:53","slug":"home","status":"publish","type":"page","link":"http:\/\/kuschelmit.de\/","title":{"rendered":"Kuscheln in Weimar"},"content":{"rendered":"\n<p>Ber\u00fchrungen entspannen,\u00a0 reduzieren Stress, beugen \u00fcberm\u00e4\u00dfigem Stress vor, schenken ein Gef\u00fchl von Sicherheit und Geborgenheit,\u00a0 steigern das k\u00f6rperliche Wohlempfinden.<\/p>\n<p>Am 15. September 2019 haben wir, Renate und Rolf, die erste Th\u00fcringer Kuschelzeit angeboten und alle Teilnehmer waren sehr gl\u00fccklich und wollen wieder kommen.<\/p>\n<p>Isabell schrieb uns am 14. Oktober 2019: &#8222;Euer KuschelSeminar hat mir sehr viel gegeben. Ein sicherer Raum, mich und die anderen zu erfahren. Vielen herzlichen Dank daf\u00fcr.&#8220;<\/p>\n<p>Wann die n\u00e4chste Ber\u00fchrungszeit\u00a0 ist und unter welchen Bedingungen wir uns dann n\u00e4hern k\u00f6nnen, ist derzeit noch offen. Bis dahin eine gute Zeit<strong> in Weimar<\/strong> und Umgebung (Erfurt, Naumburg, Ilmenau, Jena oder welchem Ort in Th\u00fcringen auch immer).<\/p>\n<p>Neue Termine kann es ja im Moment leider noch nicht geben.<\/p>\n<p>Aber Gedanken k\u00f6nnen wir uns ja schon mal machen. Wann in der Woche w\u00e4re f\u00fcr Dich zum Beispiel der beste Zeitpunkt f\u00fcr Dich?<\/p>\n<p>Bei Fragen, Antworten und anderen Gedanken schicke mir bitte eine Mail\u00a0 rolf [ at ] kuschelmit . de)<\/p>\n<p style=\"text-align: center;\" data-tadv-p=\"keep\">Schenke Dir diesen Raum!<\/p>\n<p style=\"text-align: center;\" data-tadv-p=\"keep\">Schenke Dir diese Zeit!<\/p>\n<p style=\"text-align: center;\" data-tadv-p=\"keep\">Schenke Dir die Erf\u00fcllung!<\/p>\n<p style=\"text-align: center;\" data-tadv-p=\"keep\">Schenke Dir den Zauber!<\/p>\n","protected":false},"excerpt":{"rendered":"<p>Ber\u00fchrungen entspannen,\u00a0 reduzieren Stress, beugen \u00fcberm\u00e4\u00dfigem Stress vor, schenken ein Gef\u00fchl von Sicherheit und Geborgenheit,\u00a0 steigern das k\u00f6rperliche Wohlempfinden. Am 15. September 2019 haben wir, Renate und Rolf, die erste Th\u00fcringer Kuschelzeit angeboten und alle Teilnehmer waren sehr gl\u00fccklich und wollen wieder kommen. Isabell schrieb uns am 14. Oktober 2019: &#8222;Euer KuschelSeminar hat mir sehr &hellip; <\/p>\n<p class=\"link-more\"><a href=\"http:\/\/kuschelmit.de\/\" class=\"more-link\"><span class=\"screen-reader-text\">\u201eKuscheln in Weimar\u201c<\/span> weiterlesen<\/a><\/p>\n","protected":false},"author":1,"featured_media":206,"parent":0,"menu_order":0,"comment_status":"closed","ping_status":"closed","template":"template-homepage.php","meta":{"footnotes":""},"_links":{"self":[{"href":"http:\/\/kuschelmit.de\/index.php?rest_route=\/wp\/v2\/pages\/103"}],"collection":[{"href":"http:\/\/kuschelmit.de\/index.php?rest_route=\/wp\/v2\/pages"}],"about":[{"href":"http:\/\/kuschelmit.de\/index.php?rest_route=\/wp\/v2\/types\/page"}],"author":[{"embeddable":true,"href":"http:\/\/kuschelmit.de\/index.php?rest_route=\/wp\/v2\/users\/1"}],"replies":[{"embeddable":true,"href":"http:\/\/kuschelmit.de\/index.php?rest_route=%2Fwp%2Fv2%2Fcomments&post=103"}],"version-history":[{"count":31,"href":"http:\/\/kuschelmit.de\/index.php?rest_route=\/wp\/v2\/pages\/103\/revisions"}],"predecessor-version":[{"id":350,"href":"http:\/\/kuschelmit.de\/index.php?rest_route=\/wp\/v2\/pages\/103\/revisions\/350"}],"wp:featuredmedia":[{"embeddable":true,"href":"http:\/\/kuschelmit.de\/index.php?rest_route=\/wp\/v2\/media\/206"}],"wp:attachment":[{"href":"http:\/\/kuschelmit.de\/index.php?rest_route=%2Fwp%2Fv2%2Fmedia&parent=103"}],"curies":[{"name":"wp","href":"https:\/\/api.w.org\/{rel}","templated":true}]}}